{"id":128,"date":"2019-12-16T11:52:44","date_gmt":"2019-12-16T10:52:44","guid":{"rendered":"https:\/\/lucenoguitars.com\/?page_id=128"},"modified":"2026-02-16T12:12:38","modified_gmt":"2026-02-16T11:12:38","slug":"contatti","status":"publish","type":"page","link":"https:\/\/lucenoguitars.com\/it\/contatti\/","title":{"rendered":"Contatti"},"content":{"rendered":"<div id=\"contatti-section\" class=\"\">\r\n<div class=\"grid-container\">\r\n<div class=\"grid-x grid-padding-x uk-padding\">\r\n<div class=\"medium-12 cell\">\r\n<div class=\"\">\r\n<h1>Ordering<\/h1>\r\n<em>Ogni Lucen\u00f2 Guitars \u00e8 uno strumento unico. Costruito sulle tue specifiche ti permette di avere nelle mani la chitarra ideale per il tuo repertorio e modo di suonare.<\/em>\r\n\r\n<\/div>\r\n<\/div>\r\n<div class=\"medium-12 cell\">\r\n<div class=\"prezzario-container\">\r\n\r\n<strong>Attualmente produco due modelli:<\/strong>\r\n\r\n<\/div>\r\n<div class=\"medium-12 cell\">\r\n<div class=\"\">\r\n<table class=\"uk-table uk-table-divider\">\r\n<tbody>\r\n<tr>\r\n<td class=\"uk-table-expand\">La Orchestra Model<\/td>\r\n<td class=\"uk-table-shrink\">Prezzo base 5000 \u20ac<\/td>\r\n<\/tr>\r\n<tr>\r\n<td>La Nylon Crossover<\/td>\r\n<td style=\"width: 190px;\">Prezzo base 5350 \u20ac<\/td>\r\n<\/tr>\r\n<\/tbody>\r\n<\/table>\r\n<p class=\"note\">* \u00c8 richiesto un deposito, non rimborsabile, del 30% del prezzo totale dello strumento per avere un posto nella lista d&#8217;attesa che ti garantisce il mantenimento dei prezzi al momento dell&#8217;ordine.<\/p>\r\n\r\n<\/div>\r\n<\/div>\r\n<\/div>\r\n<\/div>\r\n<\/div>\r\n<div class=\"grid-container\">\r\n<div class=\"grid-x grid-padding-x uk-padding\">\r\n<div class=\"medium-12 cell\">\r\n<div class=\"prezzo-include\">\r\n\r\n<strong>Il prezzo base include:<\/strong>\r\n\r\n<\/div>\r\n<ul class=\"prezzo-include-ul\">\r\n \t<li>Tavola armonica: Scelta tra Abete Sitka, Abete Val di Fiemme e Cedro delle migliori qualit\u00e0.<\/li>\r\n \t<li>Fondo e fasce: Scelta tra Palissandro Indiano, Mogano e Acero.<\/li>\r\n \t<li>No spalla mancante esclusa la Nylon Crossover.<\/li>\r\n \t<li>Rosetta: Anello di legno scelto tra varie essenze bordato con filetto b\/n o n\/b\/n.<\/li>\r\n \t<li>Ponte: Ebano scolpito a mano. Palissandro Nylon Crossover.<\/li>\r\n \t<li>Binding: Ebano bordato con filetto n\/b\/n.<\/li>\r\n \t<li>End Graft: Striscia di Ebano bordata di filetto n\/b\/n.<\/li>\r\n \t<li>Capotasto: Osso.<\/li>\r\n \t<li>Selletta: Osso compensato.<\/li>\r\n \t<li>Manico: Mogano o acero per l&#8217;Orchestra model. Cedrella per la Nylon Crossover.<\/li>\r\n \t<li>Tastiera: Ebano con dot segnatasti.<\/li>\r\n \t<li>Truss rod: Doppia azione.<\/li>\r\n \t<li>Copripaletta: Ebano.<\/li>\r\n \t<li>Sottopaletta: Ebano.<\/li>\r\n \t<li>Meccaniche: Gotoh.<\/li>\r\n \t<li>Finitura: Lucida o satinata.<\/li>\r\n \t<li>Amplificazione: Su richiesta.<\/li>\r\n \t<li>Custodia: Rigida.<\/li>\r\n<\/ul>\r\n<\/div>\r\n<\/div>\r\n<\/div>\r\n<div class=\"grid-container\">\r\n<div class=\"grid-x grid-padding-x uk-padding\">\r\n<div class=\"medium-12 cell\">\r\n<div class=\"prezzo-include\">\r\n<h2><strong>Garanzia<\/strong><\/h2>\r\n<\/div>\r\n<p class=\"western\">I miei strumenti sono garantiti a vita per il solo proprietario originale fintanto che sar\u00f2 in attivit\u00e0 come liutaio.<\/p>\r\n<p class=\"western\">La garanzia non copre danni causati da alterazioni o modifiche, condizioni estreme di umidit\u00e0 e temperatura, uso improprio, incidente, normale usura.<\/p>\r\n\r\n<\/div>\r\n<\/div>\r\n<\/div>\r\n<div class=\"grid-container contatti-footer-container\">\r\n<div class=\"uk-padding grid-x grid-padding-x \">\r\n<div class=\"small-12 cell\">\r\n<div class=\"contatti-footer-form\">\r\n<h2>Contatti<\/h2>\r\n\n<div class=\"wpcf7 no-js\" id=\"wpcf7-f165-o1\" lang=\"it-IT\" dir=\"ltr\" data-wpcf7-id=\"165\">\n<div class=\"screen-reader-response\"><p role=\"status\" aria-live=\"polite\" aria-atomic=\"true\"><\/p> <ul><\/ul><\/div>\n<form action=\"\/it\/wp-json\/wp\/v2\/pages\/128#wpcf7-f165-o1\" method=\"post\" class=\"wpcf7-form init\" aria-label=\"Modulo di contatto\" novalidate=\"novalidate\" data-status=\"init\">\n<fieldset class=\"hidden-fields-container\"><input type=\"hidden\" name=\"_wpcf7\" value=\"165\" \/><input type=\"hidden\" name=\"_wpcf7_version\" value=\"6.1.3\" \/><input type=\"hidden\" name=\"_wpcf7_locale\" value=\"it_IT\" \/><input type=\"hidden\" name=\"_wpcf7_unit_tag\" value=\"wpcf7-f165-o1\" \/><input type=\"hidden\" name=\"_wpcf7_container_post\" value=\"0\" \/><input type=\"hidden\" name=\"_wpcf7_posted_data_hash\" value=\"\" \/><input type=\"hidden\" name=\"_wpcf7_recaptcha_response\" value=\"\" \/>\n<\/fieldset>\n<p><label class=\"white\">Nome e Cognome*<br \/>\n<span class=\"wpcf7-form-control-wrap\" data-name=\"your-name\"><input size=\"40\" maxlength=\"400\" class=\"wpcf7-form-control wpcf7-text wpcf7-validates-as-required\" aria-required=\"true\" aria-invalid=\"false\" value=\"\" type=\"text\" name=\"your-name\" \/><\/span> <\/label>\n<\/p>\n<p><label class=\"white\">Email*<br \/>\n<span class=\"wpcf7-form-control-wrap\" data-name=\"your-email\"><input size=\"40\" maxlength=\"400\" class=\"wpcf7-form-control wpcf7-email wpcf7-validates-as-required wpcf7-text wpcf7-validates-as-email\" aria-required=\"true\" aria-invalid=\"false\" value=\"\" type=\"email\" name=\"your-email\" \/><\/span> <\/label>\n<\/p>\n<p><label class=\"white\">Messaggio<br \/>\n<span class=\"wpcf7-form-control-wrap\" data-name=\"your-message\"><textarea cols=\"40\" rows=\"10\" maxlength=\"2000\" class=\"wpcf7-form-control wpcf7-textarea\" aria-invalid=\"false\" name=\"your-message\"><\/textarea><\/span> <\/label>\n<\/p>\n<p><span class=\"wpcf7-form-control-wrap\" data-name=\"acceptance-184\"><span class=\"wpcf7-form-control wpcf7-acceptance\"><span class=\"wpcf7-list-item\"><label><input type=\"checkbox\" name=\"acceptance-184\" value=\"1\" aria-invalid=\"false\" \/><span class=\"wpcf7-list-item-label\">Accetto termini e condizioni cos\u00ec come descritte nelle <a href=\"\/it\/privacy-policy\/\" target=\"_blank\"> privacy<\/a> e <a href=\"\/cookie-policy\/\" target=\"_blank\">cookie policy<\/a> del sito web<\/span><\/label><\/span><\/span><\/span>\n<\/p>\n<p><input class=\"wpcf7-form-control wpcf7-submit has-spinner\" type=\"submit\" value=\"Invia\" \/>\n<\/p><div class=\"wpcf7-response-output\" aria-hidden=\"true\"><\/div>\n<\/form>\n<\/div>\n\r\n\r\n<\/div>\r\n<\/div>\r\n<\/div>\r\n<\/div>\r\n<\/div>\r\n<section id=\"home-maps\"><iframe loading=\"lazy\" style=\"border: 0;\" src=\"https:\/\/www.google.com\/maps\/embed?pb=!1m18!1m12!1m3!1d5748.5869243918!2d12.913577675512318!3d43.91189805673063!2m3!1f0!2f0!3f0!3m2!1i1024!2i768!4f13.1!3m3!1m2!1s0x132d1938c54df6ab%3A0x574a8e869c6187c7!2sVia%20della%20Ginevra%2C%206%2C%2061121%20Pesaro%20PU!5e0!3m2!1sit!2sit!4v1581505821001!5m2!1sit!2sit\" width=\"1920\" height=\"450\" frameborder=\"0\" allowfullscreen=\"allowfullscreen\"><\/iframe><\/section>","protected":false},"excerpt":{"rendered":"Ordering Ogni Lucen\u00f2 Guitars \u00e8 uno strumento unico. Costruito sulle tue specifiche ti permette di avere nelle mani la chitarra ideale per il tuo repertorio e modo di suonare. Attualmente produco due modelli: La Orchestra<a class=\"excerpt-read-more\" href=\"https:\/\/lucenoguitars.com\/it\/contatti\/\" title=\"LeggiContatti\">Leggi tutto<\/a>","protected":false},"author":1,"featured_media":0,"parent":0,"menu_order":0,"comment_status":"closed","ping_status":"closed","template":"template-full-width.php","meta":{"_acf_changed":false,"footnotes":""},"class_list":["post-128","page","type-page","status-publish","hentry"],"acf":[],"yoast_head":"<!-- This site is optimized with the Yoast SEO plugin v26.4 - https:\/\/yoast.com\/wordpress\/plugins\/seo\/ -->\n<title>Contatti | Lucen\u00f2 Guitars<\/title>\n<meta name=\"description\" content=\"Ogni strumento Lucen\u00f2 \u00e8 realizzato interamente a mano e costruito sulle tue specifiche. Cos\u00ec potrai avere tra le mani la tua chitarra ideale.\" \/>\n<meta name=\"robots\" content=\"index, follow, max-snippet:-1, max-image-preview:large, max-video-preview:-1\" \/>\n<link rel=\"canonical\" href=\"https:\/\/lucenoguitars.com\/it\/contatti\/\" \/>\n<meta property=\"og:locale\" content=\"it_IT\" \/>\n<meta property=\"og:type\" content=\"article\" \/>\n<meta property=\"og:title\" content=\"Contatti | Lucen\u00f2 Guitars\" \/>\n<meta property=\"og:description\" content=\"Ogni strumento Lucen\u00f2 \u00e8 realizzato interamente a mano e costruito sulle tue specifiche. Cos\u00ec potrai avere tra le mani la tua chitarra ideale.\" \/>\n<meta property=\"og:url\" content=\"https:\/\/lucenoguitars.com\/it\/contatti\/\" \/>\n<meta property=\"og:site_name\" content=\"Luceno Guitars\" \/>\n<meta property=\"article:modified_time\" content=\"2026-02-16T11:12:38+00:00\" \/>\n<meta name=\"twitter:card\" content=\"summary_large_image\" \/>\n<meta name=\"twitter:label1\" content=\"Tempo di lettura stimato\" \/>\n\t<meta name=\"twitter:data1\" content=\"2 minuti\" \/>\n<script type=\"application\/ld+json\" class=\"yoast-schema-graph\">{\"@context\":\"https:\/\/schema.org\",\"@graph\":[{\"@type\":\"WebPage\",\"@id\":\"https:\/\/lucenoguitars.com\/it\/contatti\/\",\"url\":\"https:\/\/lucenoguitars.com\/it\/contatti\/\",\"name\":\"Contatti | Lucen\u00f2 Guitars\",\"isPartOf\":{\"@id\":\"https:\/\/lucenoguitars.com\/it\/#website\"},\"datePublished\":\"2019-12-16T10:52:44+00:00\",\"dateModified\":\"2026-02-16T11:12:38+00:00\",\"description\":\"Ogni strumento Lucen\u00f2 \u00e8 realizzato interamente a mano e costruito sulle tue specifiche. Cos\u00ec potrai avere tra le mani la tua chitarra ideale.\",\"breadcrumb\":{\"@id\":\"https:\/\/lucenoguitars.com\/it\/contatti\/#breadcrumb\"},\"inLanguage\":\"it-IT\",\"potentialAction\":[{\"@type\":\"ReadAction\",\"target\":[\"https:\/\/lucenoguitars.com\/it\/contatti\/\"]}]},{\"@type\":\"BreadcrumbList\",\"@id\":\"https:\/\/lucenoguitars.com\/it\/contatti\/#breadcrumb\",\"itemListElement\":[{\"@type\":\"ListItem\",\"position\":1,\"name\":\"[:it]Home[:]\",\"item\":\"https:\/\/lucenoguitars.com\/it\/\"},{\"@type\":\"ListItem\",\"position\":2,\"name\":\"Contatti\"}]},{\"@type\":\"WebSite\",\"@id\":\"https:\/\/lucenoguitars.com\/it\/#website\",\"url\":\"https:\/\/lucenoguitars.com\/it\/\",\"name\":\"Luceno Guitars\",\"description\":\"\",\"publisher\":{\"@id\":\"https:\/\/lucenoguitars.com\/it\/#organization\"},\"potentialAction\":[{\"@type\":\"SearchAction\",\"target\":{\"@type\":\"EntryPoint\",\"urlTemplate\":\"https:\/\/lucenoguitars.com\/it\/?s={search_term_string}\"},\"query-input\":{\"@type\":\"PropertyValueSpecification\",\"valueRequired\":true,\"valueName\":\"search_term_string\"}}],\"inLanguage\":\"it-IT\"},{\"@type\":\"Organization\",\"@id\":\"https:\/\/lucenoguitars.com\/it\/#organization\",\"name\":\"Luceno Guitars\",\"url\":\"https:\/\/lucenoguitars.com\/it\/\",\"logo\":{\"@type\":\"ImageObject\",\"inLanguage\":\"it-IT\",\"@id\":\"https:\/\/lucenoguitars.com\/it\/#\/schema\/logo\/image\/\",\"url\":\"https:\/\/lucenoguitars.com\/wp-content\/uploads\/2019\/12\/luceno-logo-bianco.png\",\"contentUrl\":\"https:\/\/lucenoguitars.com\/wp-content\/uploads\/2019\/12\/luceno-logo-bianco.png\",\"width\":280,\"height\":183,\"caption\":\"Luceno Guitars\"},\"image\":{\"@id\":\"https:\/\/lucenoguitars.com\/it\/#\/schema\/logo\/image\/\"}}]}<\/script>\n<!-- \/ Yoast SEO plugin. -->","yoast_head_json":{"title":"Contatti | Lucen\u00f2 Guitars","description":"Ogni strumento Lucen\u00f2 \u00e8 realizzato interamente a mano e costruito sulle tue specifiche. Cos\u00ec potrai avere tra le mani la tua chitarra ideale.","robots":{"index":"index","follow":"follow","max-snippet":"max-snippet:-1","max-image-preview":"max-image-preview:large","max-video-preview":"max-video-preview:-1"},"canonical":"https:\/\/lucenoguitars.com\/it\/contatti\/","og_locale":"it_IT","og_type":"article","og_title":"Contatti | Lucen\u00f2 Guitars","og_description":"Ogni strumento Lucen\u00f2 \u00e8 realizzato interamente a mano e costruito sulle tue specifiche. Cos\u00ec potrai avere tra le mani la tua chitarra ideale.","og_url":"https:\/\/lucenoguitars.com\/it\/contatti\/","og_site_name":"Luceno Guitars","article_modified_time":"2026-02-16T11:12:38+00:00","twitter_card":"summary_large_image","twitter_misc":{"Tempo di lettura stimato":"2 minuti"},"schema":{"@context":"https:\/\/schema.org","@graph":[{"@type":"WebPage","@id":"https:\/\/lucenoguitars.com\/it\/contatti\/","url":"https:\/\/lucenoguitars.com\/it\/contatti\/","name":"Contatti | Lucen\u00f2 Guitars","isPartOf":{"@id":"https:\/\/lucenoguitars.com\/it\/#website"},"datePublished":"2019-12-16T10:52:44+00:00","dateModified":"2026-02-16T11:12:38+00:00","description":"Ogni strumento Lucen\u00f2 \u00e8 realizzato interamente a mano e costruito sulle tue specifiche. Cos\u00ec potrai avere tra le mani la tua chitarra ideale.","breadcrumb":{"@id":"https:\/\/lucenoguitars.com\/it\/contatti\/#breadcrumb"},"inLanguage":"it-IT","potentialAction":[{"@type":"ReadAction","target":["https:\/\/lucenoguitars.com\/it\/contatti\/"]}]},{"@type":"BreadcrumbList","@id":"https:\/\/lucenoguitars.com\/it\/contatti\/#breadcrumb","itemListElement":[{"@type":"ListItem","position":1,"name":"[:it]Home[:]","item":"https:\/\/lucenoguitars.com\/it\/"},{"@type":"ListItem","position":2,"name":"Contatti"}]},{"@type":"WebSite","@id":"https:\/\/lucenoguitars.com\/it\/#website","url":"https:\/\/lucenoguitars.com\/it\/","name":"Luceno Guitars","description":"","publisher":{"@id":"https:\/\/lucenoguitars.com\/it\/#organization"},"potentialAction":[{"@type":"SearchAction","target":{"@type":"EntryPoint","urlTemplate":"https:\/\/lucenoguitars.com\/it\/?s={search_term_string}"},"query-input":{"@type":"PropertyValueSpecification","valueRequired":true,"valueName":"search_term_string"}}],"inLanguage":"it-IT"},{"@type":"Organization","@id":"https:\/\/lucenoguitars.com\/it\/#organization","name":"Luceno Guitars","url":"https:\/\/lucenoguitars.com\/it\/","logo":{"@type":"ImageObject","inLanguage":"it-IT","@id":"https:\/\/lucenoguitars.com\/it\/#\/schema\/logo\/image\/","url":"https:\/\/lucenoguitars.com\/wp-content\/uploads\/2019\/12\/luceno-logo-bianco.png","contentUrl":"https:\/\/lucenoguitars.com\/wp-content\/uploads\/2019\/12\/luceno-logo-bianco.png","width":280,"height":183,"caption":"Luceno Guitars"},"image":{"@id":"https:\/\/lucenoguitars.com\/it\/#\/schema\/logo\/image\/"}}]}},"_links":{"self":[{"href":"https:\/\/lucenoguitars.com\/it\/wp-json\/wp\/v2\/pages\/128","targetHints":{"allow":["GET"]}}],"collection":[{"href":"https:\/\/lucenoguitars.com\/it\/wp-json\/wp\/v2\/pages"}],"about":[{"href":"https:\/\/lucenoguitars.com\/it\/wp-json\/wp\/v2\/types\/page"}],"author":[{"embeddable":true,"href":"https:\/\/lucenoguitars.com\/it\/wp-json\/wp\/v2\/users\/1"}],"replies":[{"embeddable":true,"href":"https:\/\/lucenoguitars.com\/it\/wp-json\/wp\/v2\/comments?post=128"}],"version-history":[{"count":69,"href":"https:\/\/lucenoguitars.com\/it\/wp-json\/wp\/v2\/pages\/128\/revisions"}],"predecessor-version":[{"id":6434,"href":"https:\/\/lucenoguitars.com\/it\/wp-json\/wp\/v2\/pages\/128\/revisions\/6434"}],"wp:attachment":[{"href":"https:\/\/lucenoguitars.com\/it\/wp-json\/wp\/v2\/media?parent=128"}],"curies":[{"name":"wp","href":"https:\/\/api.w.org\/{rel}","templated":true}]}}